{"id":552,"date":"2017-08-15T18:57:02","date_gmt":"2017-08-15T17:57:02","guid":{"rendered":"http:\/\/www.webit.ws?page_id=552"},"modified":"2017-09-18T23:53:01","modified_gmt":"2017-09-18T22:53:01","slug":"webit","status":"publish","type":"page","link":"https:\/\/www.webit.ws\/en\/webit\/","title":{"rendered":"Our Company"},"content":{"rendered":"<div class=\"wpb-content-wrapper\"><p>[vc_row row_type=&#8221;row&#8221; use_row_as_full_screen_section=&#8221;no&#8221; type=&#8221;grid&#8221; text_align=&#8221;left&#8221; css_animation=&#8221;&#8221;][vc_column offset=&#8221;vc_col-lg-offset-0 vc_col-lg-5 vc_col-md-offset-0 vc_col-md-5 vc_col-sm-offset-0&#8243;][vc_single_image image=&#8221;495&#8243; img_size=&#8221;full&#8221; alignment=&#8221;center&#8221; qode_css_animation=&#8221;&#8221;][vc_column_text]<\/p>\n<h2><\/h2>\n<h2 style=\"text-align: center;\">Information Technology<\/h2>\n<p>[\/vc_column_text][vc_separator type=&#8221;transparent&#8221; border_style=&#8221;&#8221; up=&#8221;40&#8243; down=&#8221;0&#8243;][\/vc_column][vc_column offset=&#8221;vc_col-lg-offset-0 vc_col-lg-7 vc_col-md-offset-0 vc_col-md-7 vc_col-sm-offset-0&#8243;][vc_column_text]<\/p>\n<h4>We are a team of consultants who are highly committed to solving technological problems.<\/h4>\n<h4>Our field of expertise is the integration of multiple apps with different technologies. We love to analyse each problem down to the code, looking for the best way to interconnect the apps.<\/h4>\n<h4>We also have certified and experienced project managers, PMP (Project Management Professionals) with expertise on team management, minimizing the risks and optimizing the opportunities of each project<\/h4>\n<p>[\/vc_column_text][vc_separator type=&#8221;transparent&#8221; border_style=&#8221;&#8221; up=&#8221;119&#8243; down=&#8221;0&#8243;][\/vc_column][\/vc_row][vc_row row_type=&#8221;row&#8221; use_row_as_full_screen_section=&#8221;no&#8221; type=&#8221;full_width&#8221; text_align=&#8221;left&#8221; css_animation=&#8221;&#8221;][vc_column][qode_elements_holder number_of_columns=&#8221;three_columns&#8221;][qode_elements_holder_item background_color=&#8221;#f5f5f5&#8243; item_padding=&#8221;14% 11% 14% 14%&#8221; vertical_alignment=&#8221;middle&#8221; item_padding_1280_1600=&#8221;10% 5% 10% 5%&#8221; item_padding_1024_1280=&#8221;0 5% 0 5%&#8221; item_padding_768_1024=&#8221;8% 10% 8% 8%&#8221; item_padding_600_768=&#8221;15% 15% 15% 15%&#8221; item_padding_480_600=&#8221;8% 8% 8% 8%&#8221; item_padding_480=&#8221;8% 8% 8% 8%&#8221;][vc_column_text]<\/p>\n<h3>Website Development, Mobile Apps and Digital Marketing<\/h3>\n<p>[\/vc_column_text][vc_separator type=&#8221;transparent&#8221; border_style=&#8221;&#8221; up=&#8221;22&#8243; down=&#8221;0&#8243;][vc_column_text]We develop websites that are highly optimized for search engines (SEO).<\/p>\n<p>Our consultants are experts on creating, optimizing and managing Google Adwords campaigns.<b><\/b>[\/vc_column_text][vc_separator type=&#8221;transparent&#8221; border_style=&#8221;&#8221; up=&#8221;35&#8243; down=&#8221;0&#8243;][\/qode_elements_holder_item][qode_elements_holder_item background_image=&#8221;207&#8243; item_padding_1024_1280=&#8221;40%&#8221; item_padding_768_1024=&#8221;30%&#8221; item_padding_600_768=&#8221;30%&#8221; item_padding_480_600=&#8221;40%&#8221; item_padding_480=&#8221;40%&#8221;][vc_empty_space height=&#8221;0&#8243;][\/qode_elements_holder_item][qode_elements_holder_item background_image=&#8221;471&#8243; item_padding_1024_1280=&#8221;40%&#8221; item_padding_768_1024=&#8221;30%&#8221; item_padding_600_768=&#8221;30%&#8221; item_padding_480_600=&#8221;40%&#8221; item_padding_480=&#8221;40%&#8221;][vc_empty_space height=&#8221;0&#8243;][\/qode_elements_holder_item][\/qode_elements_holder][\/vc_column][\/vc_row][vc_row row_type=&#8221;row&#8221; use_row_as_full_screen_section=&#8221;no&#8221; type=&#8221;full_width&#8221; text_align=&#8221;left&#8221; css_animation=&#8221;&#8221;][vc_column][qode_elements_holder number_of_columns=&#8221;three_columns&#8221;][qode_elements_holder_item background_image=&#8221;222&#8243; item_padding_1024_1280=&#8221;40%&#8221; item_padding_768_1024=&#8221;30%&#8221; item_padding_600_768=&#8221;30%&#8221; item_padding_480_600=&#8221;40%&#8221; item_padding_480=&#8221;40%&#8221;][vc_empty_space height=&#8221;0&#8243;][\/qode_elements_holder_item][qode_elements_holder_item background_color=&#8221;#f5f5f5&#8243; item_padding=&#8221;14% 11% 14% 14%&#8221; vertical_alignment=&#8221;middle&#8221; item_padding_1280_1600=&#8221;10% 5% 10% 5%&#8221; item_padding_1024_1280=&#8221;0 5% 0 5%&#8221; item_padding_768_1024=&#8221;8% 10% 8% 8%&#8221; item_padding_600_768=&#8221;15% 15% 15% 15%&#8221; item_padding_480_600=&#8221;8% 8% 8% 8%&#8221; item_padding_480=&#8221;8% 8% 8% 8%&#8221;][vc_column_text]<\/p>\n<h3>Custom Web Apps and Development<\/h3>\n<p>[\/vc_column_text][vc_separator type=&#8221;transparent&#8221; border_style=&#8221;&#8221; up=&#8221;22&#8243; down=&#8221;0&#8243;][vc_column_text]We have teams that specialize in the Implementation of Online Stores and E-learning, Workflows and Document Management Platforms.<\/p>\n<p>All Web apps can be integrated within existing software.[\/vc_column_text][vc_separator type=&#8221;transparent&#8221; border_style=&#8221;&#8221; up=&#8221;35&#8243; down=&#8221;0&#8243;][\/qode_elements_holder_item][qode_elements_holder_item background_image=&#8221;223&#8243; item_padding_1024_1280=&#8221;40%&#8221; item_padding_768_1024=&#8221;30%&#8221; item_padding_600_768=&#8221;30%&#8221; item_padding_480_600=&#8221;40%&#8221; item_padding_480=&#8221;40%&#8221;][vc_empty_space height=&#8221;0&#8243;][\/qode_elements_holder_item][\/qode_elements_holder][\/vc_column][\/vc_row][vc_row row_type=&#8221;row&#8221; use_row_as_full_screen_section=&#8221;no&#8221; type=&#8221;grid&#8221; text_align=&#8221;left&#8221; padding_top=&#8221;130&#8243; padding_bottom=&#8221;105&#8243; css_animation=&#8221;&#8221;][vc_column width=&#8221;1\/4&#8243;]<span class=\"q_font_awsome_icon q_icon_shortcode normal q_font_awsome_icon_holder fa-3x pull-center \" style=\" \"><i class=\"fa fa-coffee\"><\/i><\/span><div class=\"q_counter_holder  center\" style=\"\"><span class=\"counter  zero\" style=\"\">4895<\/span><p class=\"counter_text\" style=\"\">Coffees<\/p><\/div>[vc_separator type=&#8221;transparent&#8221; border_style=&#8221;&#8221; up=&#8221;30&#8243; down=&#8221;0&#8243;][\/vc_column][vc_column width=&#8221;1\/4&#8243;]<span class=\"q_font_awsome_icon q_icon_shortcode normal q_font_awsome_icon_holder fa-3x pull-center \" style=\" \"><i class=\"fa fa-bolt\"><\/i><\/span><div class=\"q_counter_holder  center\" style=\"\"><span class=\"counter  zero\" style=\"\">2486<\/span><p class=\"counter_text\" style=\"\">Brainstorms<\/p><\/div>[vc_separator type=&#8221;transparent&#8221; border_style=&#8221;&#8221; up=&#8221;30&#8243; down=&#8221;0&#8243;][\/vc_column][vc_column width=&#8221;1\/4&#8243;]<span class=\"q_font_awsome_icon q_icon_shortcode normal q_font_awsome_icon_holder fa-3x pull-center \" style=\" \"><i class=\"fa fa-code\"><\/i><\/span><div class=\"q_counter_holder  center\" style=\"\"><span class=\"counter  zero\" style=\"\">23612<\/span><p class=\"counter_text\" style=\"\">Lines of Code<\/p><\/div>[vc_separator type=&#8221;transparent&#8221; border_style=&#8221;&#8221; up=&#8221;30&#8243; down=&#8221;0&#8243;][\/vc_column][vc_column width=&#8221;1\/4&#8243;]<span class=\"q_font_awsome_icon q_icon_shortcode normal q_font_awsome_icon_holder fa-3x pull-center \" style=\" \"><i class=\"fa fa-lightbulb-o\"><\/i><\/span><div class=\"q_counter_holder  center\" style=\"\"><span class=\"counter  zero\" style=\"\">196<\/span><p class=\"counter_text\" style=\"\">Implemented Ideas<\/p><\/div>[vc_separator type=&#8221;transparent&#8221; border_style=&#8221;&#8221; up=&#8221;30&#8243; down=&#8221;0&#8243;][\/vc_column][\/vc_row][vc_row row_type=&#8221;parallax&#8221; text_align=&#8221;center&#8221; background_image=&#8221;232&#8243; full_screen_section_height=&#8221;no&#8221; section_height=&#8221;635&#8243;][vc_column][vc_empty_space height=&#8221;91px&#8221;]<div class=\"testimonials_holder clearfix light \"><div class=\"testimonials testimonials_carousel\" data-show-navigation=\"yes\" data-show-navigation-arrows=\"no\" data-animation-type=\"fade\" data-animation-speed=\"\" data-auto-rotate-slides=\"15\"><ul class=\"slides\"><li id=\"testimonials551\" class=\"testimonial_content\"><div class=\"testimonial_content_inner\"><div class=\"testimonial_text_holder center_align\"><div class=\"testimonial_text_inner\"><div class=\"testimonial_image_holder\"><\/div><p>Web IT is characterized by its deep professionalism and know-how which, together with great analysis and solution-oriented skills, have consistently been a most valuable asset whenever we ask for its services in the area of platform configuration and e-learning app development.<\/p><p class=\"testimonial_author\" style=\"\">- Jos\u00e9 Duarte Dias<span class=\"testimonial_author_job\">Managing Partner - Paradoxo Humano<\/span><\/p><\/div><\/div><\/div><\/li><li id=\"testimonials550\" class=\"testimonial_content\"><div class=\"testimonial_content_inner\"><div class=\"testimonial_text_holder center_align\"><div class=\"testimonial_text_inner\"><div class=\"testimonial_image_holder\"><\/div><p>Web IT goes beyond simple quality service delivery: the professionalism with which Web IT gives you personalized time when monitoring and solving problems is laudable. They are like computer ninjas, available at all times and with great solutions which correspond to the will of each new idea or initiative! Thank you for the great work.<\/p><p class=\"testimonial_author\" style=\"\">- Tiago Nabais<span class=\"testimonial_author_job\">Director - Infant\u00e1rio S\u00e3o Vicente (S\u00e3o Vicente Nursery)<\/span><\/p><\/div><\/div><\/div><\/li><\/ul><\/div><\/div>[vc_empty_space height=&#8221;91px&#8221;][\/vc_column][\/vc_row]<\/p>\n<\/div>","protected":false},"excerpt":{"rendered":"<p>[vc_row row_type=&#8221;row&#8221; use_row_as_full_screen_section=&#8221;no&#8221; type=&#8221;grid&#8221; text_align=&#8221;left&#8221; css_animation=&#8221;&#8221;][vc_column offset=&#8221;vc_col-lg-offset-0 vc_col-lg-5 vc_col-md-offset-0 vc_col-md-5 vc_col-sm-offset-0&#8243;][vc_single_image image=&#8221;495&#8243; img_size=&#8221;full&#8221; alignment=&#8221;center&#8221; qode_css_animation=&#8221;&#8221;][vc_column_text] Information Technology [\/vc_column_text][vc_separator type=&#8221;transparent&#8221; border_style=&#8221;&#8221; up=&#8221;40&#8243; down=&#8221;0&#8243;][\/vc_column][vc_column offset=&#8221;vc_col-lg-offset-0 vc_col-lg-7 vc_col-md-offset-0 vc_col-md-7 vc_col-sm-offset-0&#8243;][vc_column_text] We are a team of consultants who are highly committed to solving technological problems. Our field of expertise&#8230;<\/p>\n","protected":false},"author":1,"featured_media":0,"parent":0,"menu_order":0,"comment_status":"closed","ping_status":"closed","template":"full_width.php","meta":{"footnotes":""},"class_list":["post-552","page","type-page","status-publish","hentry"],"yoast_head":"<!-- This site is optimized with the Yoast SEO plugin v27.5 - https:\/\/yoast.com\/product\/yoast-seo-wordpress\/ -->\n<title>Our Company - Web IT - We Evolve Business<\/title>\n<meta name=\"robots\" content=\"index, follow, max-snippet:-1, max-image-preview:large, max-video-preview:-1\" \/>\n<link rel=\"canonical\" href=\"https:\/\/www.webit.ws\/en\/webit\/\" \/>\n<meta property=\"og:locale\" content=\"en_US\" \/>\n<meta property=\"og:type\" content=\"article\" \/>\n<meta property=\"og:title\" content=\"Our Company - Web IT - We Evolve Business\" \/>\n<meta property=\"og:description\" content=\"[vc_row row_type=&#8221;row&#8221; use_row_as_full_screen_section=&#8221;no&#8221; type=&#8221;grid&#8221; text_align=&#8221;left&#8221; css_animation=&#8221;&#8221;][vc_column offset=&#8221;vc_col-lg-offset-0 vc_col-lg-5 vc_col-md-offset-0 vc_col-md-5 vc_col-sm-offset-0&#8243;][vc_single_image image=&#8221;495&#8243; img_size=&#8221;full&#8221; alignment=&#8221;center&#8221; qode_css_animation=&#8221;&#8221;][vc_column_text] Information Technology [\/vc_column_text][vc_separator type=&#8221;transparent&#8221; border_style=&#8221;&#8221; up=&#8221;40&#8243; down=&#8221;0&#8243;][\/vc_column][vc_column offset=&#8221;vc_col-lg-offset-0 vc_col-lg-7 vc_col-md-offset-0 vc_col-md-7 vc_col-sm-offset-0&#8243;][vc_column_text] We are a team of consultants who are highly committed to solving technological problems. Our field of expertise...\" \/>\n<meta property=\"og:url\" content=\"https:\/\/www.webit.ws\/en\/webit\/\" \/>\n<meta property=\"og:site_name\" content=\"Web IT - We Evolve Business\" \/>\n<meta property=\"article:modified_time\" content=\"2017-09-18T22:53:01+00:00\" \/>\n<meta name=\"twitter:card\" content=\"summary_large_image\" \/>\n<meta name=\"twitter:label1\" content=\"Est. reading time\" \/>\n\t<meta name=\"twitter:data1\" content=\"4 minutes\" \/>\n<!-- \/ Yoast SEO plugin. -->","yoast_head_json":{"title":"Our Company - Web IT - We Evolve Business","robots":{"index":"index","follow":"follow","max-snippet":"max-snippet:-1","max-image-preview":"max-image-preview:large","max-video-preview":"max-video-preview:-1"},"canonical":"https:\/\/www.webit.ws\/en\/webit\/","og_locale":"en_US","og_type":"article","og_title":"Our Company - Web IT - We Evolve Business","og_description":"[vc_row row_type=&#8221;row&#8221; use_row_as_full_screen_section=&#8221;no&#8221; type=&#8221;grid&#8221; text_align=&#8221;left&#8221; css_animation=&#8221;&#8221;][vc_column offset=&#8221;vc_col-lg-offset-0 vc_col-lg-5 vc_col-md-offset-0 vc_col-md-5 vc_col-sm-offset-0&#8243;][vc_single_image image=&#8221;495&#8243; img_size=&#8221;full&#8221; alignment=&#8221;center&#8221; qode_css_animation=&#8221;&#8221;][vc_column_text] Information Technology [\/vc_column_text][vc_separator type=&#8221;transparent&#8221; border_style=&#8221;&#8221; up=&#8221;40&#8243; down=&#8221;0&#8243;][\/vc_column][vc_column offset=&#8221;vc_col-lg-offset-0 vc_col-lg-7 vc_col-md-offset-0 vc_col-md-7 vc_col-sm-offset-0&#8243;][vc_column_text] We are a team of consultants who are highly committed to solving technological problems. Our field of expertise...","og_url":"https:\/\/www.webit.ws\/en\/webit\/","og_site_name":"Web IT - We Evolve Business","article_modified_time":"2017-09-18T22:53:01+00:00","twitter_card":"summary_large_image","twitter_misc":{"Est. reading time":"4 minutes"},"schema":{"@context":"https:\/\/schema.org","@graph":[{"@type":"WebPage","@id":"https:\/\/www.webit.ws\/en\/webit\/","url":"https:\/\/www.webit.ws\/en\/webit\/","name":"Our Company - Web IT - We Evolve Business","isPartOf":{"@id":"https:\/\/www.webit.ws\/#website"},"datePublished":"2017-08-15T17:57:02+00:00","dateModified":"2017-09-18T22:53:01+00:00","breadcrumb":{"@id":"https:\/\/www.webit.ws\/en\/webit\/#breadcrumb"},"inLanguage":"en-US","potentialAction":[{"@type":"ReadAction","target":["https:\/\/www.webit.ws\/en\/webit\/"]}]},{"@type":"BreadcrumbList","@id":"https:\/\/www.webit.ws\/en\/webit\/#breadcrumb","itemListElement":[{"@type":"ListItem","position":1,"name":"In\u00edcio","item":"https:\/\/www.webit.ws\/en\/"},{"@type":"ListItem","position":2,"name":"Our Company"}]},{"@type":"WebSite","@id":"https:\/\/www.webit.ws\/#website","url":"https:\/\/www.webit.ws\/","name":"Web IT - We Evolve Business","description":"Servi\u00e7os de Consultadoria em Inova\u00e7\u00e3o Tecnol\u00f3gica","publisher":{"@id":"https:\/\/www.webit.ws\/#organization"},"potentialAction":[{"@type":"SearchAction","target":{"@type":"EntryPoint","urlTemplate":"https:\/\/www.webit.ws\/?s={search_term_string}"},"query-input":{"@type":"PropertyValueSpecification","valueRequired":true,"valueName":"search_term_string"}}],"inLanguage":"en-US"},{"@type":"Organization","@id":"https:\/\/www.webit.ws\/#organization","name":"Web IT - We Evolve Business","url":"https:\/\/www.webit.ws\/","logo":{"@type":"ImageObject","inLanguage":"en-US","@id":"https:\/\/www.webit.ws\/#\/schema\/logo\/image\/","url":"https:\/\/www.webit.ws\/wp-content\/uploads\/2017\/01\/cropped-Logo_WebIt-09-site.png","contentUrl":"https:\/\/www.webit.ws\/wp-content\/uploads\/2017\/01\/cropped-Logo_WebIt-09-site.png","width":512,"height":512,"caption":"Web IT - We Evolve Business"},"image":{"@id":"https:\/\/www.webit.ws\/#\/schema\/logo\/image\/"}}]}},"_links":{"self":[{"href":"https:\/\/www.webit.ws\/en\/wp-json\/wp\/v2\/pages\/552","targetHints":{"allow":["GET"]}}],"collection":[{"href":"https:\/\/www.webit.ws\/en\/wp-json\/wp\/v2\/pages"}],"about":[{"href":"https:\/\/www.webit.ws\/en\/wp-json\/wp\/v2\/types\/page"}],"author":[{"embeddable":true,"href":"https:\/\/www.webit.ws\/en\/wp-json\/wp\/v2\/users\/1"}],"replies":[{"embeddable":true,"href":"https:\/\/www.webit.ws\/en\/wp-json\/wp\/v2\/comments?post=552"}],"version-history":[{"count":0,"href":"https:\/\/www.webit.ws\/en\/wp-json\/wp\/v2\/pages\/552\/revisions"}],"wp:attachment":[{"href":"https:\/\/www.webit.ws\/en\/wp-json\/wp\/v2\/media?parent=552"}],"curies":[{"name":"wp","href":"https:\/\/api.w.org\/{rel}","templated":true}]}}