{"id":565,"date":"2017-08-15T18:57:31","date_gmt":"2017-08-15T17:57:31","guid":{"rendered":"http:\/\/www.webit.ws?page_id=565"},"modified":"2017-09-18T13:19:08","modified_gmt":"2017-09-18T12:19:08","slug":"portfolio","status":"publish","type":"page","link":"https:\/\/www.webit.ws\/en\/portfolio\/","title":{"rendered":"Our Work"},"content":{"rendered":"<div class=\"wpb-content-wrapper\"><p>[vc_row row_type=&#8221;row&#8221; use_row_as_full_screen_section=&#8221;no&#8221; type=&#8221;full_width&#8221; text_align=&#8221;left&#8221; css_animation=&#8221;&#8221;][vc_column]<div class='projects_holder_outer v4 portfolio_no_space portfolio_with_hover_text  qode-filter-position-top'>\n\t    \t<div class='projects_holder clearfix v4 hover_text no_space portfolio_landscape_image '>\n\t\t<article class=\"mix portfolio_category_92 portfolio_category_90\">\n    <div class='image_holder move_from_left'>\n        \n<span class='image'><img loading=\"lazy\" decoding=\"async\" width=\"478\" height=\"359\" src=\"https:\/\/www.webit.ws\/wp-content\/uploads\/2016\/01\/paradoxo-humano_478.jpg\" class=\"attachment-portfolio-landscape size-portfolio-landscape wp-post-image\" alt=\"\" srcset=\"https:\/\/www.webit.ws\/wp-content\/uploads\/2016\/01\/paradoxo-humano_478.jpg 478w, https:\/\/www.webit.ws\/wp-content\/uploads\/2016\/01\/paradoxo-humano_478-300x225.jpg 300w\" sizes=\"auto, (max-width: 478px) 100vw, 478px\" \/><\/span>\n                    <a class='portfolio_link_class' href='https:\/\/www.webit.ws\/en\/portfolio_page\/e-learning-paradoxo-humano\/' target='_self'><\/a>\n\t\t\n        <div class=\"holder-move\">\n\t<div class=\"portfolio_shader\"><\/div>\n\n\t<div class=\"text_holder\">\n\t\t<h4 class=\"portfolio_title\" > E-Learning Paradoxo Humano<\/h4><h6 class=\"portfolio_subtitle\"> <\/h6>\t<span class=\"project_category\">\n        <span> In <\/span>\n\t\tApps \/ Business    <\/span>\n\t<\/div>\n\t<div class=\"icons_holder\">\n\t<div class=\"icons_holder_inner\">\n\t\t\t\t\t<a class='portfolio_lightbox' title='Our Work' href='https:\/\/www.webit.ws\/wp-content\/uploads\/2016\/01\/paradoxo-humano_478.jpg' data-rel='prettyPhoto[pretty_photo_gallery]'><\/a>\n\t\t\t\t\t<\/div>\n<\/div><\/div>\n\n    <\/div>\n<\/article><article class=\"mix portfolio_category_90 portfolio_category_91\">\n    <div class='image_holder move_from_left'>\n        \n<span class='image'><img loading=\"lazy\" decoding=\"async\" width=\"478\" height=\"359\" src=\"https:\/\/www.webit.ws\/wp-content\/uploads\/2016\/04\/octego-478.jpg\" class=\"attachment-portfolio-landscape size-portfolio-landscape wp-post-image\" alt=\"\" srcset=\"https:\/\/www.webit.ws\/wp-content\/uploads\/2016\/04\/octego-478.jpg 478w, https:\/\/www.webit.ws\/wp-content\/uploads\/2016\/04\/octego-478-300x225.jpg 300w\" sizes=\"auto, (max-width: 478px) 100vw, 478px\" \/><\/span>\n                    <a class='portfolio_link_class' href='https:\/\/www.webit.ws\/en\/portfolio_page\/octego-business-intelligence-integrations-uk\/' target='_self'><\/a>\n\t\t\n        <div class=\"holder-move\">\n\t<div class=\"portfolio_shader\"><\/div>\n\n\t<div class=\"text_holder\">\n\t\t<h4 class=\"portfolio_title\" > Octego Business Intelligence Integrations &#8211; UK<\/h4><h6 class=\"portfolio_subtitle\"> <\/h6>\t<span class=\"project_category\">\n        <span> In <\/span>\n\t\tBusiness \/ Integrations    <\/span>\n\t<\/div>\n\t<div class=\"icons_holder\">\n\t<div class=\"icons_holder_inner\">\n\t\t\t\t\t<a class='portfolio_lightbox' title='Our Work' href='https:\/\/www.webit.ws\/wp-content\/uploads\/2016\/04\/octego-478.jpg' data-rel='prettyPhoto[pretty_photo_gallery]'><\/a>\n\t\t\t\t\t<\/div>\n<\/div><\/div>\n\n    <\/div>\n<\/article><article class=\"mix portfolio_category_88 portfolio_category_89\">\n    <div class='image_holder move_from_left'>\n        \n<span class='image'><img loading=\"lazy\" decoding=\"async\" width=\"478\" height=\"359\" src=\"https:\/\/www.webit.ws\/wp-content\/uploads\/2016\/05\/tempo-de-aventura_478.jpg\" class=\"attachment-portfolio-landscape size-portfolio-landscape wp-post-image\" alt=\"\" srcset=\"https:\/\/www.webit.ws\/wp-content\/uploads\/2016\/05\/tempo-de-aventura_478.jpg 478w, https:\/\/www.webit.ws\/wp-content\/uploads\/2016\/05\/tempo-de-aventura_478-300x225.jpg 300w\" sizes=\"auto, (max-width: 478px) 100vw, 478px\" \/><\/span>\n                    <a class='portfolio_link_class' href='https:\/\/www.webit.ws\/en\/portfolio_page\/tempo-de-aventuras-website\/' target='_self'><\/a>\n\t\t\n        <div class=\"holder-move\">\n\t<div class=\"portfolio_shader\"><\/div>\n\n\t<div class=\"text_holder\">\n\t\t<h4 class=\"portfolio_title\" > Tempo de Aventura&#8217;s Website<\/h4><h6 class=\"portfolio_subtitle\"> <\/h6>\t<span class=\"project_category\">\n        <span> In <\/span>\n\t\tDesign \/ Marketing    <\/span>\n\t<\/div>\n\t<div class=\"icons_holder\">\n\t<div class=\"icons_holder_inner\">\n\t\t\t\t\t<a class='portfolio_lightbox' title='Our Work' href='https:\/\/www.webit.ws\/wp-content\/uploads\/2016\/05\/tempo-de-aventura_478.jpg' data-rel='prettyPhoto[pretty_photo_gallery]'><\/a>\n\t\t\t\t\t<\/div>\n<\/div><\/div>\n\n    <\/div>\n<\/article><article class=\"mix portfolio_category_88 portfolio_category_89\">\n    <div class='image_holder move_from_left'>\n        \n<span class='image'><img loading=\"lazy\" decoding=\"async\" width=\"478\" height=\"359\" src=\"https:\/\/www.webit.ws\/wp-content\/uploads\/2016\/10\/goldenhour_478.jpg\" class=\"attachment-portfolio-landscape size-portfolio-landscape wp-post-image\" alt=\"\" srcset=\"https:\/\/www.webit.ws\/wp-content\/uploads\/2016\/10\/goldenhour_478.jpg 478w, https:\/\/www.webit.ws\/wp-content\/uploads\/2016\/10\/goldenhour_478-300x225.jpg 300w\" sizes=\"auto, (max-width: 478px) 100vw, 478px\" \/><\/span>\n                    <a class='portfolio_link_class' href='https:\/\/www.webit.ws\/en\/portfolio_page\/website-goldenhour-ao\/' target='_self'><\/a>\n\t\t\n        <div class=\"holder-move\">\n\t<div class=\"portfolio_shader\"><\/div>\n\n\t<div class=\"text_holder\">\n\t\t<h4 class=\"portfolio_title\" > WebSite GoldenHour &#8211; AO<\/h4><h6 class=\"portfolio_subtitle\"> <\/h6>\t<span class=\"project_category\">\n        <span> In <\/span>\n\t\tDesign \/ Marketing    <\/span>\n\t<\/div>\n\t<div class=\"icons_holder\">\n\t<div class=\"icons_holder_inner\">\n\t\t\t\t\t<a class='portfolio_lightbox' title='Our Work' href='https:\/\/www.webit.ws\/wp-content\/uploads\/2016\/10\/goldenhour_478.jpg' data-rel='prettyPhoto[pretty_photo_gallery]'><\/a>\n\t\t\t\t\t<\/div>\n<\/div><\/div>\n\n    <\/div>\n<\/article>\t\t\t\t\t<div class='filler'><\/div>\n\t\t\t\t\t\t\t\t\t<div class='filler'><\/div>\n\t\t\t\t\t\t\t\t\t<div class='filler'><\/div>\n\t\t\t\t\t\t\t\t\t<div class='filler'><\/div>\n\t\t\t\t\t<\/div>\n\n    \n\t<\/div>\n[\/vc_column][\/vc_row]<\/p>\n<\/div>","protected":false},"excerpt":{"rendered":"<p>[vc_row row_type=&#8221;row&#8221; use_row_as_full_screen_section=&#8221;no&#8221; type=&#8221;full_width&#8221; text_align=&#8221;left&#8221; css_animation=&#8221;&#8221;][vc_column][\/vc_column][\/vc_row]<\/p>\n","protected":false},"author":1,"featured_media":0,"parent":0,"menu_order":0,"comment_status":"closed","ping_status":"closed","template":"full_width.php","meta":{"footnotes":""},"class_list":["post-565","page","type-page","status-publish","hentry"],"yoast_head":"<!-- This site is optimized with the Yoast SEO plugin v27.5 - https:\/\/yoast.com\/product\/yoast-seo-wordpress\/ -->\n<title>Our Work - Web IT - We Evolve Business<\/title>\n<meta name=\"robots\" content=\"index, follow, max-snippet:-1, max-image-preview:large, max-video-preview:-1\" \/>\n<link rel=\"canonical\" href=\"https:\/\/www.webit.ws\/en\/portfolio\/\" \/>\n<meta property=\"og:locale\" content=\"en_US\" \/>\n<meta property=\"og:type\" content=\"article\" \/>\n<meta property=\"og:title\" content=\"Our Work - Web IT - We Evolve Business\" \/>\n<meta property=\"og:description\" content=\"[vc_row row_type=&#8221;row&#8221; use_row_as_full_screen_section=&#8221;no&#8221; type=&#8221;full_width&#8221; text_align=&#8221;left&#8221; css_animation=&#8221;&#8221;][vc_column][\/vc_column][\/vc_row]\" \/>\n<meta property=\"og:url\" content=\"https:\/\/www.webit.ws\/en\/portfolio\/\" \/>\n<meta property=\"og:site_name\" content=\"Web IT - We Evolve Business\" \/>\n<meta property=\"article:modified_time\" content=\"2017-09-18T12:19:08+00:00\" \/>\n<meta name=\"twitter:card\" content=\"summary_large_image\" \/>\n<!-- \/ Yoast SEO plugin. -->","yoast_head_json":{"title":"Our Work - Web IT - We Evolve Business","robots":{"index":"index","follow":"follow","max-snippet":"max-snippet:-1","max-image-preview":"max-image-preview:large","max-video-preview":"max-video-preview:-1"},"canonical":"https:\/\/www.webit.ws\/en\/portfolio\/","og_locale":"en_US","og_type":"article","og_title":"Our Work - Web IT - We Evolve Business","og_description":"[vc_row row_type=&#8221;row&#8221; use_row_as_full_screen_section=&#8221;no&#8221; type=&#8221;full_width&#8221; text_align=&#8221;left&#8221; css_animation=&#8221;&#8221;][vc_column][\/vc_column][\/vc_row]","og_url":"https:\/\/www.webit.ws\/en\/portfolio\/","og_site_name":"Web IT - We Evolve Business","article_modified_time":"2017-09-18T12:19:08+00:00","twitter_card":"summary_large_image","schema":{"@context":"https:\/\/schema.org","@graph":[{"@type":"WebPage","@id":"https:\/\/www.webit.ws\/en\/portfolio\/","url":"https:\/\/www.webit.ws\/en\/portfolio\/","name":"Our Work - Web IT - We Evolve Business","isPartOf":{"@id":"https:\/\/www.webit.ws\/#website"},"datePublished":"2017-08-15T17:57:31+00:00","dateModified":"2017-09-18T12:19:08+00:00","breadcrumb":{"@id":"https:\/\/www.webit.ws\/en\/portfolio\/#breadcrumb"},"inLanguage":"en-US","potentialAction":[{"@type":"ReadAction","target":["https:\/\/www.webit.ws\/en\/portfolio\/"]}]},{"@type":"BreadcrumbList","@id":"https:\/\/www.webit.ws\/en\/portfolio\/#breadcrumb","itemListElement":[{"@type":"ListItem","position":1,"name":"In\u00edcio","item":"https:\/\/www.webit.ws\/en\/"},{"@type":"ListItem","position":2,"name":"Our Work"}]},{"@type":"WebSite","@id":"https:\/\/www.webit.ws\/#website","url":"https:\/\/www.webit.ws\/","name":"Web IT - We Evolve Business","description":"Servi\u00e7os de Consultadoria em Inova\u00e7\u00e3o Tecnol\u00f3gica","publisher":{"@id":"https:\/\/www.webit.ws\/#organization"},"potentialAction":[{"@type":"SearchAction","target":{"@type":"EntryPoint","urlTemplate":"https:\/\/www.webit.ws\/?s={search_term_string}"},"query-input":{"@type":"PropertyValueSpecification","valueRequired":true,"valueName":"search_term_string"}}],"inLanguage":"en-US"},{"@type":"Organization","@id":"https:\/\/www.webit.ws\/#organization","name":"Web IT - We Evolve Business","url":"https:\/\/www.webit.ws\/","logo":{"@type":"ImageObject","inLanguage":"en-US","@id":"https:\/\/www.webit.ws\/#\/schema\/logo\/image\/","url":"https:\/\/www.webit.ws\/wp-content\/uploads\/2017\/01\/cropped-Logo_WebIt-09-site.png","contentUrl":"https:\/\/www.webit.ws\/wp-content\/uploads\/2017\/01\/cropped-Logo_WebIt-09-site.png","width":512,"height":512,"caption":"Web IT - We Evolve Business"},"image":{"@id":"https:\/\/www.webit.ws\/#\/schema\/logo\/image\/"}}]}},"_links":{"self":[{"href":"https:\/\/www.webit.ws\/en\/wp-json\/wp\/v2\/pages\/565","targetHints":{"allow":["GET"]}}],"collection":[{"href":"https:\/\/www.webit.ws\/en\/wp-json\/wp\/v2\/pages"}],"about":[{"href":"https:\/\/www.webit.ws\/en\/wp-json\/wp\/v2\/types\/page"}],"author":[{"embeddable":true,"href":"https:\/\/www.webit.ws\/en\/wp-json\/wp\/v2\/users\/1"}],"replies":[{"embeddable":true,"href":"https:\/\/www.webit.ws\/en\/wp-json\/wp\/v2\/comments?post=565"}],"version-history":[{"count":0,"href":"https:\/\/www.webit.ws\/en\/wp-json\/wp\/v2\/pages\/565\/revisions"}],"wp:attachment":[{"href":"https:\/\/www.webit.ws\/en\/wp-json\/wp\/v2\/media?parent=565"}],"curies":[{"name":"wp","href":"https:\/\/api.w.org\/{rel}","templated":true}]}}