{"id":689,"date":"2018-05-24T18:48:27","date_gmt":"2018-05-24T17:48:27","guid":{"rendered":"http:\/\/www.webit.ws\/legal-data\/"},"modified":"2022-12-27T11:52:06","modified_gmt":"2022-12-27T11:52:06","slug":"legal-data","status":"publish","type":"page","link":"https:\/\/www.webit.ws\/en\/legal-data\/","title":{"rendered":"Legal Data"},"content":{"rendered":"<div class=\"wpb-content-wrapper\"><p>[vc_row row_type=&#8221;row&#8221; use_row_as_full_screen_section=&#8221;no&#8221; type=&#8221;full_width&#8221; text_align=&#8221;left&#8221; background_animation=&#8221;none&#8221; css_animation=&#8221;&#8221;][vc_column width=&#8221;1\/6&#8243;][\/vc_column][vc_column width=&#8221;2\/3&#8243;][vc_empty_space height=&#8221;30px&#8221;][vc_column_text]<\/p>\n<p>[\/vc_column_text][vc_empty_space height=&#8221;15px&#8221;][vc_column_text]<strong>Information about\u00a0WEB IT &#8211; WE EVOLVE BUSINESS LDA<\/strong><br \/>\n<span data-doc-id=\"4397000234321000\">Company<\/span>: WEB IT &#8211; WE EVOLVE BUSINESS LDA<br \/>\nNIPC: 514111550<br \/>\n<span data-doc-id=\"4397000234321000\">Object<\/span>: Consultancy and training, namely in the area of information technology and new information and communication technologies, at national and international level. Design, development and implementation of computer and management solutions and products, as well as development of elearning platforms.<br \/>\n<span data-doc-id=\"4397000234321000\">Registered address:<\/span>\u00a0 Avenida duque de loul\u00e9, N\u00famero 95, 2 dto 1050\u00ad-089 lisboa<br \/>\n<span data-doc-id=\"4397000234321000\">Phone<\/span>:\u00a0 +351 917 830 725 &#8211;<em> National mobile network call<\/em><br \/>\nE-mail: hello@webit.ws[\/vc_column_text][vc_empty_space height=&#8221;15px&#8221;][vc_column_text]<strong>Consumer information<\/strong><br \/>\n(Lei n\u00ba 144\/2015 de 8 de Setembro)<br \/>\nI<span data-doc-id=\"4397000234321000\">We hereby inform our clients that this company is available for the clarification and settlement of any problems regarding the services provided and\/or the goods delivered by this establishment.<\/span> In\u00a0the event\u00a0of litigation concerning contractual obligations stemming from the buying and selling or service provision, consumers may resort to the following Settlement Body:<br \/>\n<span data-doc-id=\"4397000234321000\">Alternative Dispute Resolution entity<\/span>: CNIACC &#8211; Centro Nacional de\u00a0Informa\u00e7\u00e3o e\u00a0Arbitragem de\u00a0Conflitos e\u00a0Consumo<br \/>\n<span data-doc-id=\"4397000234321000\">Address<\/span>:\u00a0Faculdade de\u00a0Direito da\u00a0Universidade Nova de\u00a0Lisboa<br \/>\nCampus de Campolide, 1099-032 Lisboa<br \/>\n<span data-doc-id=\"4397000234321000\">Phone<\/span>: 213847484 (15h\u00a0 to 16h)<br \/>\nEmail: acc@fct.unl.pt<br \/>\n<span data-doc-id=\"4397000234321000\">Webpage<\/span>: http:\/\/www.arbitragemdeconsumo.org\/[\/vc_column_text][\/vc_column][vc_column width=&#8221;1\/6&#8243;][\/vc_column][\/vc_row]<\/p>\n<\/div>","protected":false},"excerpt":{"rendered":"<p>[vc_row row_type=&#8221;row&#8221; use_row_as_full_screen_section=&#8221;no&#8221; type=&#8221;full_width&#8221; text_align=&#8221;left&#8221; background_animation=&#8221;none&#8221; css_animation=&#8221;&#8221;][vc_column width=&#8221;1\/6&#8243;][\/vc_column][vc_column width=&#8221;2\/3&#8243;][vc_empty_space height=&#8221;30px&#8221;][vc_column_text] [\/vc_column_text][vc_empty_space height=&#8221;15px&#8221;][vc_column_text]Information about\u00a0WEB IT &#8211; WE EVOLVE BUSINESS LDA Company: WEB IT &#8211; WE EVOLVE BUSINESS LDA NIPC: 514111550 Object: Consultancy and training, namely in the area of information technology and new information and communication&#8230;<\/p>\n","protected":false},"author":1,"featured_media":0,"parent":0,"menu_order":0,"comment_status":"closed","ping_status":"closed","template":"full_width.php","meta":{"footnotes":""},"class_list":["post-689","page","type-page","status-publish","hentry"],"yoast_head":"<!-- This site is optimized with the Yoast SEO plugin v27.5 - https:\/\/yoast.com\/product\/yoast-seo-wordpress\/ -->\n<title>Legal Data - Web IT - We Evolve Business<\/title>\n<meta name=\"robots\" content=\"index, follow, max-snippet:-1, max-image-preview:large, max-video-preview:-1\" \/>\n<link rel=\"canonical\" href=\"https:\/\/www.webit.ws\/en\/legal-data\/\" \/>\n<meta property=\"og:locale\" content=\"en_US\" \/>\n<meta property=\"og:type\" content=\"article\" \/>\n<meta property=\"og:title\" content=\"Legal Data - Web IT - We Evolve Business\" \/>\n<meta property=\"og:description\" content=\"[vc_row row_type=&#8221;row&#8221; use_row_as_full_screen_section=&#8221;no&#8221; type=&#8221;full_width&#8221; text_align=&#8221;left&#8221; background_animation=&#8221;none&#8221; css_animation=&#8221;&#8221;][vc_column width=&#8221;1\/6&#8243;][\/vc_column][vc_column width=&#8221;2\/3&#8243;][vc_empty_space height=&#8221;30px&#8221;][vc_column_text] [\/vc_column_text][vc_empty_space height=&#8221;15px&#8221;][vc_column_text]Information about\u00a0WEB IT &#8211; WE EVOLVE BUSINESS LDA Company: WEB IT &#8211; WE EVOLVE BUSINESS LDA NIPC: 514111550 Object: Consultancy and training, namely in the area of information technology and new information and communication...\" \/>\n<meta property=\"og:url\" content=\"https:\/\/www.webit.ws\/en\/legal-data\/\" \/>\n<meta property=\"og:site_name\" content=\"Web IT - We Evolve Business\" \/>\n<meta property=\"article:modified_time\" content=\"2022-12-27T11:52:06+00:00\" \/>\n<meta name=\"twitter:card\" content=\"summary_large_image\" \/>\n<meta name=\"twitter:label1\" content=\"Est. reading time\" \/>\n\t<meta name=\"twitter:data1\" content=\"1 minute\" \/>\n<!-- \/ Yoast SEO plugin. -->","yoast_head_json":{"title":"Legal Data - Web IT - We Evolve Business","robots":{"index":"index","follow":"follow","max-snippet":"max-snippet:-1","max-image-preview":"max-image-preview:large","max-video-preview":"max-video-preview:-1"},"canonical":"https:\/\/www.webit.ws\/en\/legal-data\/","og_locale":"en_US","og_type":"article","og_title":"Legal Data - Web IT - We Evolve Business","og_description":"[vc_row row_type=&#8221;row&#8221; use_row_as_full_screen_section=&#8221;no&#8221; type=&#8221;full_width&#8221; text_align=&#8221;left&#8221; background_animation=&#8221;none&#8221; css_animation=&#8221;&#8221;][vc_column width=&#8221;1\/6&#8243;][\/vc_column][vc_column width=&#8221;2\/3&#8243;][vc_empty_space height=&#8221;30px&#8221;][vc_column_text] [\/vc_column_text][vc_empty_space height=&#8221;15px&#8221;][vc_column_text]Information about\u00a0WEB IT &#8211; WE EVOLVE BUSINESS LDA Company: WEB IT &#8211; WE EVOLVE BUSINESS LDA NIPC: 514111550 Object: Consultancy and training, namely in the area of information technology and new information and communication...","og_url":"https:\/\/www.webit.ws\/en\/legal-data\/","og_site_name":"Web IT - We Evolve Business","article_modified_time":"2022-12-27T11:52:06+00:00","twitter_card":"summary_large_image","twitter_misc":{"Est. reading time":"1 minute"},"schema":{"@context":"https:\/\/schema.org","@graph":[{"@type":"WebPage","@id":"https:\/\/www.webit.ws\/en\/legal-data\/","url":"https:\/\/www.webit.ws\/en\/legal-data\/","name":"Legal Data - Web IT - We Evolve Business","isPartOf":{"@id":"https:\/\/www.webit.ws\/#website"},"datePublished":"2018-05-24T17:48:27+00:00","dateModified":"2022-12-27T11:52:06+00:00","breadcrumb":{"@id":"https:\/\/www.webit.ws\/en\/legal-data\/#breadcrumb"},"inLanguage":"en-US","potentialAction":[{"@type":"ReadAction","target":["https:\/\/www.webit.ws\/en\/legal-data\/"]}]},{"@type":"BreadcrumbList","@id":"https:\/\/www.webit.ws\/en\/legal-data\/#breadcrumb","itemListElement":[{"@type":"ListItem","position":1,"name":"In\u00edcio","item":"https:\/\/www.webit.ws\/en\/"},{"@type":"ListItem","position":2,"name":"Legal Data"}]},{"@type":"WebSite","@id":"https:\/\/www.webit.ws\/#website","url":"https:\/\/www.webit.ws\/","name":"Web IT - We Evolve Business","description":"Servi\u00e7os de Consultadoria em Inova\u00e7\u00e3o Tecnol\u00f3gica","publisher":{"@id":"https:\/\/www.webit.ws\/#organization"},"potentialAction":[{"@type":"SearchAction","target":{"@type":"EntryPoint","urlTemplate":"https:\/\/www.webit.ws\/?s={search_term_string}"},"query-input":{"@type":"PropertyValueSpecification","valueRequired":true,"valueName":"search_term_string"}}],"inLanguage":"en-US"},{"@type":"Organization","@id":"https:\/\/www.webit.ws\/#organization","name":"Web IT - We Evolve Business","url":"https:\/\/www.webit.ws\/","logo":{"@type":"ImageObject","inLanguage":"en-US","@id":"https:\/\/www.webit.ws\/#\/schema\/logo\/image\/","url":"https:\/\/www.webit.ws\/wp-content\/uploads\/2017\/01\/cropped-Logo_WebIt-09-site.png","contentUrl":"https:\/\/www.webit.ws\/wp-content\/uploads\/2017\/01\/cropped-Logo_WebIt-09-site.png","width":512,"height":512,"caption":"Web IT - We Evolve Business"},"image":{"@id":"https:\/\/www.webit.ws\/#\/schema\/logo\/image\/"}}]}},"_links":{"self":[{"href":"https:\/\/www.webit.ws\/en\/wp-json\/wp\/v2\/pages\/689","targetHints":{"allow":["GET"]}}],"collection":[{"href":"https:\/\/www.webit.ws\/en\/wp-json\/wp\/v2\/pages"}],"about":[{"href":"https:\/\/www.webit.ws\/en\/wp-json\/wp\/v2\/types\/page"}],"author":[{"embeddable":true,"href":"https:\/\/www.webit.ws\/en\/wp-json\/wp\/v2\/users\/1"}],"replies":[{"embeddable":true,"href":"https:\/\/www.webit.ws\/en\/wp-json\/wp\/v2\/comments?post=689"}],"version-history":[{"count":1,"href":"https:\/\/www.webit.ws\/en\/wp-json\/wp\/v2\/pages\/689\/revisions"}],"predecessor-version":[{"id":1073,"href":"https:\/\/www.webit.ws\/en\/wp-json\/wp\/v2\/pages\/689\/revisions\/1073"}],"wp:attachment":[{"href":"https:\/\/www.webit.ws\/en\/wp-json\/wp\/v2\/media?parent=689"}],"curies":[{"name":"wp","href":"https:\/\/api.w.org\/{rel}","templated":true}]}}