{"id":691,"date":"2018-05-24T18:49:47","date_gmt":"2018-05-24T17:49:47","guid":{"rendered":"http:\/\/www.webit.ws\/privacy-policy\/"},"modified":"2018-07-04T16:47:08","modified_gmt":"2018-07-04T15:47:08","slug":"privacy-policy","status":"publish","type":"page","link":"https:\/\/www.webit.ws\/en\/privacy-policy\/","title":{"rendered":"Privacy Policy"},"content":{"rendered":"<div class=\"wpb-content-wrapper\"><p>[vc_row row_type=&#8221;row&#8221; use_row_as_full_screen_section=&#8221;no&#8221; type=&#8221;full_width&#8221; text_align=&#8221;left&#8221; background_animation=&#8221;none&#8221; css_animation=&#8221;&#8221;][vc_column width=&#8221;1\/4&#8243;][\/vc_column][vc_column width=&#8221;1\/2&#8243;][vc_empty_space height=&#8221;30px&#8221;][vc_column_text]<\/p>\n<p style=\"text-align: left;\"><strong>GENERAL INFORMATION<\/strong><\/p>\n<p>[\/vc_column_text][vc_empty_space height=&#8221;15px&#8221;][vc_column_text]<span data-doc-id=\"4397000234321000\">WEB IT &#8211; We Evolve Business, headquartered at \u00a0Avenida duque de loul\u00e9, N\u00ba95, 2\u00ba dto 1050\u00ad-089 lisboa<\/span>, is registered in the Conservatory of the Commercial Registry of Lisbon with the single registration and tax identification number 514111550. WEB IT is responsible for this website. The privacy policy presented here covers the entire website, as well as other websites mentioning said policy. WEB IT commits to respecting the users\u2019 privacy and processing their personal data in a careful and confidential way, according to the applicable laws. Data will not be used toward ends other than the ones specified here. WEB IT reserves itself the right to update or modify its Privacy Policy at any time, namely to adjust itself to legislation changes. The user is therefore advised to visit this page regularly.<br \/>\n[\/vc_column_text][vc_empty_space height=&#8221;30px&#8221;][vc_column_text]<\/p>\n<p style=\"text-align: left;\"><strong>CONSENT<\/strong><\/p>\n<p>[\/vc_column_text][vc_empty_space height=&#8221;15px&#8221;][vc_column_text]<span data-doc-id=\"4397000234321000\">By using this website, you are consenting to the collection and use of the data. WEB IT may, at any time, change, add or take down any privacy policy concerning its website (<\/span><a href=\"https:\/\/www.webit.ws\/en\">https:\/\/www.webit.ws\/en<\/a>) by updating this page\u2019s content.[\/vc_column_text][vc_empty_space height=&#8221;30px&#8221;][vc_column_text]<\/p>\n<p style=\"text-align: left;\"><strong>TYPES OF DATA COLLECTED<\/strong><\/p>\n<p>[\/vc_column_text][vc_empty_space height=&#8221;15px&#8221;][vc_column_text]<span data-doc-id=\"4397000234321000\">In the course of<\/span> its activities, WEB IT gathers and processes the data necessary for the provision of services and\/or product supplies, processing data such as a user\u2019s name and e-mail address.[\/vc_column_text][vc_empty_space height=&#8221;30px&#8221;][vc_column_text]<\/p>\n<p style=\"text-align: left;\"><strong>ENDS TOWARDS WHICH SURFBUS GATHERS USERS\u2019 PERSONAL DATA<\/strong><\/p>\n<p>[\/vc_column_text][vc_empty_space height=&#8221;15px&#8221;][vc_column_text]<span data-doc-id=\"4397000234321000\">All the data gathered in this website are used for processing information requests, statistical analysis and direct marketing.<\/span>[\/vc_column_text][vc_empty_space height=&#8221;30px&#8221;][vc_column_text]<\/p>\n<p style=\"text-align: left;\"><strong>USAGES OF PERSONAL DATA FOR DIRECT MARKETING<\/strong><\/p>\n<p>[\/vc_column_text][vc_empty_space height=&#8221;15px&#8221;][vc_column_text]WEB IT may use your personal data to send you any unsolicited mail related with products or commercial offers which may be of interest to you.<\/p>\n<p class=\"zw-paragraph\" data-textformat=\"{&quot;ff&quot;:&quot;&quot;,&quot;fgc&quot;:&quot;rgb(105,105,105)&quot;,&quot;size&quot;:10.5}\">WEB IT does not sell or negotiate its data. The client expressly authorizes WEB IT to send information regarding products and services which may be of interest by using the client\u2019s personal data\u00a0for the purpose of direct marketing through any communication channel, namely by e-mail, phone, SMS, MMS or other means of automatic calls.<\/p>\n<p>WEB IT will not commercialize or share its clients\u2019 database with third parties.[\/vc_column_text][vc_empty_space height=&#8221;30px&#8221;][vc_column_text]<\/p>\n<p style=\"text-align: left;\"><strong>ACCESS TO USERS\u2019 PERSONAL DATA<\/strong><\/p>\n<p>[\/vc_column_text][vc_empty_space height=&#8221;15px&#8221;][vc_column_text]WEB IT\u00a0does not divulge any personal data of its Clients and Users to third parties without their consent, except (1) when WEB IT collaborators, employees, suppliers or commercial partners deem it necessary to supply a product or service or execute functions on behalf of WEB IT, or (2) when such action is lawfully required or permitted.<\/p>\n<p>WEB IT will take every reasonable precaution to make sure its employees or collaborators with access to personal data receive adequate training for its correct processing, in accordance with the present policy and legal obligations regarding data protection. In case of noncompliance, WEB IT will apply disciplinary sanctions to its employees and collaborators. In general, and in this specific chapter, the Personal Data Protection Law will be observed\u00a0at all times by WEB IT.[\/vc_column_text][vc_empty_space height=&#8221;30px&#8221;][vc_column_text]<\/p>\n<p style=\"text-align: left;\"><strong>USERS\u2019 DATA\u00a0IS SAFE<\/strong><\/p>\n<p>[\/vc_column_text][vc_empty_space height=&#8221;15px&#8221;][vc_column_text]WEB IT Systems are protected and maintained in accordance with high security standards\u00a0in a way which seeks to respect the applicable privacy laws. WEB IT took all the necessary technical and organizational measures to adequately protect its data regarding processing and non-authorized access.<\/p>\n<p>WEB IT undertakes all adequate reasonable efforts to avoid the non-authorized or illegal use of the User\u2019s personal data, as well as its loss, destruction or damage. However, WEB IT may not give an absolute guarantee regarding Users\u2019 data. WEB IT safeguards the Users\u2019 personal data, namely through the following means: (1) using Standard and Safe Communication Protocols; (2) using robust and safe passwords; (3) using Applicational Operations Logs in the Systems; (4) using encryption.[\/vc_column_text][vc_empty_space height=&#8221;30px&#8221;][vc_column_text]<\/p>\n<p style=\"text-align: left;\"><strong>LINKS IN THE WEBSITE<\/strong><\/p>\n<p>[\/vc_column_text][vc_empty_space height=&#8221;15px&#8221;][vc_column_text]<span data-doc-id=\"4397000234321000\">WEB IT website may contain links to other websites and e-mail addresses belonging to companies which are not part of WEB IT. The present Privacy Policy does not apply to those websites and e-mail addresses.<\/span>[\/vc_column_text][vc_empty_space height=&#8221;30px&#8221;][vc_column_text]<\/p>\n<p style=\"text-align: left;\"><strong>OUR COOKIE POLICY<\/strong><\/p>\n<p>[\/vc_column_text][vc_empty_space height=&#8221;15px&#8221;][vc_column_text]See our Cookies Policy here:<br \/>\n<a href=\"https:\/\/www.webit.ws\/en\/cookie-policy\/\">https:\/\/www.webit.ws\/en\/cookie-policy\/<\/a><br \/>\n<span data-doc-id=\"4397000234321000\">Generally, cookies are files which store information on the User\u2019s hard drive or browser, allowing the User, among other things, to be recognized by websites and to signal past visits. The User may configure his or her browser to refuse cookies, but in that case the entire website or parts of it may not work correctly. Cookies are used to monitor and analyse the way the website is used, allowing WEB IT to better identify and serve the User. WEB IT does not share cookies with third parties, including\u00a0<\/span>external data providers or websites.[\/vc_column_text][vc_empty_space height=&#8221;30px&#8221;][vc_column_text]<\/p>\n<p style=\"text-align: left;\"><strong>OUR LEGAL DATA<\/strong><\/p>\n<p>[\/vc_column_text][vc_empty_space height=&#8221;15px&#8221;][vc_column_text]See our Legal Data here:<br \/>\n<a href=\"https:\/\/www.webit.ws\/en\/legal-data\/\">https:\/\/www.webit.ws\/en\/legal-data<\/a>[\/vc_column_text][vc_empty_space height=&#8221;30px&#8221;][vc_column_text]<\/p>\n<p style=\"text-align: left;\"><strong>USER\u2019S RIGHTS CONCERNING DATA<\/strong><\/p>\n<p>[\/vc_column_text][vc_empty_space height=&#8221;15px&#8221;][vc_column_text]According to the Data Protection Law, the User has a right to obtain information regarding his or her own personal data. He or she has a right to know which personal data were processed by WEB IT, being also entitled to ask WEB IT to partially or entirely correct, complement, block or eliminate the data in situations where the data is incomplete, incorrect or irrelevant for processing.<\/p>\n<p>The update of data must be made by the client in the website, in the section made available explicitly for that purpose. If at any time the User wishes to stop being in the WEB IT database he or she has the right to do so, contacting the company through the following means:<br \/>\nEmail: hello@webit.ws<br \/>\nLetter Avenida duque de loul\u00e9, N\u00ba95, 2\u00ba dto 1050-089 lisboa[\/vc_column_text][\/vc_column][vc_column width=&#8221;1\/4&#8243;][\/vc_column][\/vc_row]<\/p>\n<\/div>","protected":false},"excerpt":{"rendered":"<p>[vc_row row_type=&#8221;row&#8221; use_row_as_full_screen_section=&#8221;no&#8221; type=&#8221;full_width&#8221; text_align=&#8221;left&#8221; background_animation=&#8221;none&#8221; css_animation=&#8221;&#8221;][vc_column width=&#8221;1\/4&#8243;][\/vc_column][vc_column width=&#8221;1\/2&#8243;][vc_empty_space height=&#8221;30px&#8221;][vc_column_text] GENERAL INFORMATION [\/vc_column_text][vc_empty_space height=&#8221;15px&#8221;][vc_column_text]WEB IT &#8211; We Evolve Business, headquartered at \u00a0Avenida duque de loul\u00e9, N\u00ba95, 2\u00ba dto 1050\u00ad-089 lisboa, is registered in the Conservatory of the Commercial Registry of Lisbon with the single registration&#8230;<\/p>\n","protected":false},"author":1,"featured_media":0,"parent":0,"menu_order":0,"comment_status":"closed","ping_status":"closed","template":"full_width.php","meta":{"footnotes":""},"class_list":["post-691","page","type-page","status-publish","hentry"],"yoast_head":"<!-- This site is optimized with the Yoast SEO plugin v27.5 - https:\/\/yoast.com\/product\/yoast-seo-wordpress\/ -->\n<title>Privacy Policy - Web IT - We Evolve Business<\/title>\n<meta name=\"robots\" content=\"index, follow, max-snippet:-1, max-image-preview:large, max-video-preview:-1\" \/>\n<link rel=\"canonical\" href=\"https:\/\/www.webit.ws\/en\/privacy-policy\/\" \/>\n<meta property=\"og:locale\" content=\"en_US\" \/>\n<meta property=\"og:type\" content=\"article\" \/>\n<meta property=\"og:title\" content=\"Privacy Policy - Web IT - We Evolve Business\" \/>\n<meta property=\"og:description\" content=\"[vc_row row_type=&#8221;row&#8221; use_row_as_full_screen_section=&#8221;no&#8221; type=&#8221;full_width&#8221; text_align=&#8221;left&#8221; background_animation=&#8221;none&#8221; css_animation=&#8221;&#8221;][vc_column width=&#8221;1\/4&#8243;][\/vc_column][vc_column width=&#8221;1\/2&#8243;][vc_empty_space height=&#8221;30px&#8221;][vc_column_text] GENERAL INFORMATION [\/vc_column_text][vc_empty_space height=&#8221;15px&#8221;][vc_column_text]WEB IT &#8211; We Evolve Business, headquartered at \u00a0Avenida duque de loul\u00e9, N\u00ba95, 2\u00ba dto 1050\u00ad-089 lisboa, is registered in the Conservatory of the Commercial Registry of Lisbon with the single registration...\" \/>\n<meta property=\"og:url\" content=\"https:\/\/www.webit.ws\/en\/privacy-policy\/\" \/>\n<meta property=\"og:site_name\" content=\"Web IT - We Evolve Business\" \/>\n<meta property=\"article:modified_time\" content=\"2018-07-04T15:47:08+00:00\" \/>\n<meta name=\"twitter:card\" content=\"summary_large_image\" \/>\n<meta name=\"twitter:label1\" content=\"Est. reading time\" \/>\n\t<meta name=\"twitter:data1\" content=\"6 minutes\" \/>\n<!-- \/ Yoast SEO plugin. -->","yoast_head_json":{"title":"Privacy Policy - Web IT - We Evolve Business","robots":{"index":"index","follow":"follow","max-snippet":"max-snippet:-1","max-image-preview":"max-image-preview:large","max-video-preview":"max-video-preview:-1"},"canonical":"https:\/\/www.webit.ws\/en\/privacy-policy\/","og_locale":"en_US","og_type":"article","og_title":"Privacy Policy - Web IT - We Evolve Business","og_description":"[vc_row row_type=&#8221;row&#8221; use_row_as_full_screen_section=&#8221;no&#8221; type=&#8221;full_width&#8221; text_align=&#8221;left&#8221; background_animation=&#8221;none&#8221; css_animation=&#8221;&#8221;][vc_column width=&#8221;1\/4&#8243;][\/vc_column][vc_column width=&#8221;1\/2&#8243;][vc_empty_space height=&#8221;30px&#8221;][vc_column_text] GENERAL INFORMATION [\/vc_column_text][vc_empty_space height=&#8221;15px&#8221;][vc_column_text]WEB IT &#8211; We Evolve Business, headquartered at \u00a0Avenida duque de loul\u00e9, N\u00ba95, 2\u00ba dto 1050\u00ad-089 lisboa, is registered in the Conservatory of the Commercial Registry of Lisbon with the single registration...","og_url":"https:\/\/www.webit.ws\/en\/privacy-policy\/","og_site_name":"Web IT - We Evolve Business","article_modified_time":"2018-07-04T15:47:08+00:00","twitter_card":"summary_large_image","twitter_misc":{"Est. reading time":"6 minutes"},"schema":{"@context":"https:\/\/schema.org","@graph":[{"@type":"WebPage","@id":"https:\/\/www.webit.ws\/en\/privacy-policy\/","url":"https:\/\/www.webit.ws\/en\/privacy-policy\/","name":"Privacy Policy - Web IT - We Evolve Business","isPartOf":{"@id":"https:\/\/www.webit.ws\/#website"},"datePublished":"2018-05-24T17:49:47+00:00","dateModified":"2018-07-04T15:47:08+00:00","breadcrumb":{"@id":"https:\/\/www.webit.ws\/en\/privacy-policy\/#breadcrumb"},"inLanguage":"en-US","potentialAction":[{"@type":"ReadAction","target":["https:\/\/www.webit.ws\/en\/privacy-policy\/"]}]},{"@type":"BreadcrumbList","@id":"https:\/\/www.webit.ws\/en\/privacy-policy\/#breadcrumb","itemListElement":[{"@type":"ListItem","position":1,"name":"In\u00edcio","item":"https:\/\/www.webit.ws\/en\/"},{"@type":"ListItem","position":2,"name":"Privacy Policy"}]},{"@type":"WebSite","@id":"https:\/\/www.webit.ws\/#website","url":"https:\/\/www.webit.ws\/","name":"Web IT - We Evolve Business","description":"Servi\u00e7os de Consultadoria em Inova\u00e7\u00e3o Tecnol\u00f3gica","publisher":{"@id":"https:\/\/www.webit.ws\/#organization"},"potentialAction":[{"@type":"SearchAction","target":{"@type":"EntryPoint","urlTemplate":"https:\/\/www.webit.ws\/?s={search_term_string}"},"query-input":{"@type":"PropertyValueSpecification","valueRequired":true,"valueName":"search_term_string"}}],"inLanguage":"en-US"},{"@type":"Organization","@id":"https:\/\/www.webit.ws\/#organization","name":"Web IT - We Evolve Business","url":"https:\/\/www.webit.ws\/","logo":{"@type":"ImageObject","inLanguage":"en-US","@id":"https:\/\/www.webit.ws\/#\/schema\/logo\/image\/","url":"https:\/\/www.webit.ws\/wp-content\/uploads\/2017\/01\/cropped-Logo_WebIt-09-site.png","contentUrl":"https:\/\/www.webit.ws\/wp-content\/uploads\/2017\/01\/cropped-Logo_WebIt-09-site.png","width":512,"height":512,"caption":"Web IT - We Evolve Business"},"image":{"@id":"https:\/\/www.webit.ws\/#\/schema\/logo\/image\/"}}]}},"_links":{"self":[{"href":"https:\/\/www.webit.ws\/en\/wp-json\/wp\/v2\/pages\/691","targetHints":{"allow":["GET"]}}],"collection":[{"href":"https:\/\/www.webit.ws\/en\/wp-json\/wp\/v2\/pages"}],"about":[{"href":"https:\/\/www.webit.ws\/en\/wp-json\/wp\/v2\/types\/page"}],"author":[{"embeddable":true,"href":"https:\/\/www.webit.ws\/en\/wp-json\/wp\/v2\/users\/1"}],"replies":[{"embeddable":true,"href":"https:\/\/www.webit.ws\/en\/wp-json\/wp\/v2\/comments?post=691"}],"version-history":[{"count":0,"href":"https:\/\/www.webit.ws\/en\/wp-json\/wp\/v2\/pages\/691\/revisions"}],"wp:attachment":[{"href":"https:\/\/www.webit.ws\/en\/wp-json\/wp\/v2\/media?parent=691"}],"curies":[{"name":"wp","href":"https:\/\/api.w.org\/{rel}","templated":true}]}}